{"id":845,"date":"2021-08-03T11:01:53","date_gmt":"2021-08-03T11:01:53","guid":{"rendered":"https:\/\/freeport.fi\/tietosuojaseloste\/"},"modified":"2021-09-28T06:39:38","modified_gmt":"2021-09-28T06:39:38","slug":"integritetspolicy","status":"publish","type":"page","link":"https:\/\/freeport.fi\/sv\/integritetspolicy\/","title":{"rendered":"Integritetspolicy"},"content":{"rendered":"<p>[et_pb_section fb_built=&#8221;1&#8243; fullwidth=&#8221;on&#8221; custom_padding_last_edited=&#8221;on|desktop&#8221; admin_label=&#8221;Section&#8221; _builder_version=&#8221;3.22.3&#8243; background_color=&#8221;rgba(55,66,94,0)&#8221; parallax=&#8221;on&#8221; parallax_method=&#8221;off&#8221; custom_padding_tablet=&#8221;50px|0|50px|0&#8243; custom_padding_phone=&#8221;&#8221; transparent_background=&#8221;off&#8221; padding_mobile=&#8221;off&#8221; make_fullwidth=&#8221;off&#8221; use_custom_width=&#8221;off&#8221; width_unit=&#8221;on&#8221;][et_pb_fullwidth_header title=&#8221;Integritetspolicy&#8221; text_orientation=&#8221;center&#8221; content_max_width=&#8221;none&#8221; admin_label=&#8221;Alueellamme toimii&#8221; _builder_version=&#8221;4.9.10&#8243; content_link_text_color=&#8221;#FFFFFF&#8221; content_link_text_color_tablet=&#8221;#FFFFFF&#8221; content_link_text_color_phone=&#8221;#FFFFFF&#8221; content_link_text_color_last_edited=&#8221;on|tablet&#8221; button_one_letter_spacing_hover=&#8221;0&#8243; button_two_letter_spacing_hover=&#8221;0&#8243; button_one_text_size__hover_enabled=&#8221;off&#8221; button_two_text_size__hover_enabled=&#8221;off&#8221; button_one_text_color__hover_enabled=&#8221;off&#8221; button_two_text_color__hover_enabled=&#8221;off&#8221; button_one_border_width__hover_enabled=&#8221;off&#8221; button_two_border_width__hover_enabled=&#8221;off&#8221; button_one_border_color__hover_enabled=&#8221;off&#8221; button_two_border_color__hover_enabled=&#8221;off&#8221; button_one_border_radius__hover_enabled=&#8221;off&#8221; button_two_border_radius__hover_enabled=&#8221;off&#8221; button_one_letter_spacing__hover_enabled=&#8221;on&#8221; button_one_letter_spacing__hover=&#8221;0&#8243; button_two_letter_spacing__hover_enabled=&#8221;on&#8221; button_two_letter_spacing__hover=&#8221;0&#8243; button_one_bg_color__hover_enabled=&#8221;off&#8221; button_two_bg_color__hover_enabled=&#8221;off&#8221;]<\/p>\n<p>Dataskyddsf\u00f6rklaringen \u00e4r ett informationsdokument som kr\u00e4vs enligt <a href=\"https:\/\/tietosuoja.fi\/sv\/beratta-om-behandlingen-for-den-registrerade\" target=\"_blank\" rel=\"noopener\">dataskyddslagen<\/a>.<\/p>\n<p>[\/et_pb_fullwidth_header][\/et_pb_section][et_pb_section fb_built=&#8221;1&#8243; custom_padding_last_edited=&#8221;on|desktop&#8221; admin_label=&#8221;section&#8221; _builder_version=&#8221;3.22.3&#8243; parallax=&#8221;on&#8221; parallax_method=&#8221;off&#8221; custom_padding_tablet=&#8221;50px|0|50px|0&#8243; custom_padding_phone=&#8221;&#8221; transparent_background=&#8221;off&#8221; padding_mobile=&#8221;off&#8221; make_fullwidth=&#8221;off&#8221; use_custom_width=&#8221;off&#8221; width_unit=&#8221;on&#8221;][et_pb_row admin_label=&#8221;Row&#8221; _builder_version=&#8221;3.25&#8243; background_size=&#8221;initial&#8221; background_position=&#8221;top_left&#8221; background_repeat=&#8221;repeat&#8221;][et_pb_column type=&#8221;4_4&#8243; _builder_version=&#8221;3.25&#8243; custom_padding=&#8221;|||&#8221; custom_padding__hover=&#8221;|||&#8221;][et_pb_text _builder_version=&#8221;4.9.10&#8243; _module_preset=&#8221;default&#8221; hover_enabled=&#8221;0&#8243; sticky_enabled=&#8221;0&#8243;]<\/p>\n<h3>Finlands Frihamn Ab:s dataskyddsuttalanden<\/h3>\n<p>Alla har r\u00e4tt att veta vilken information om honom som lagras i olika register.<br \/>R\u00e4tten att inspektera uppgifter, ut\u00f6vandet av inspektionsr\u00e4tten och r\u00e4ttelsen av uppgifter regleras av EU: s allm\u00e4nna dataskyddsf\u00f6rordning (2016\/679).<\/p>\n<p>De viktigaste personregistren som inneh\u00e5ller kund- och partnerskapsinformation och dataskyddsbeskrivningar av Finlands Frihamn Ab specificeras nedan baserat p\u00e5 personregister. Andra sekretesspolicyer om personliga register kommer att tillhandah\u00e5llas separat p\u00e5 beg\u00e4ran.<\/p>\n<p><a href=\"https:\/\/freeport.fi\/wp-content\/uploads\/2021\/08\/Tietosuojaseloste-Asiakasrekisteri.pdf\" target=\"_blank\" rel=\"noopener\">Kundregister<\/a><\/p>\n<p><a href=\"https:\/\/freeport.fi\/wp-content\/uploads\/2021\/08\/Tietosuojaseloste-Prospektit-ja-potentiaaliset-asiakkaat.pdf\" target=\"_blank\" rel=\"noopener\">Prospekt och potentiella kunder<\/a><\/p>\n<p><a href=\"https:\/\/freeport.fi\/wp-content\/uploads\/2021\/09\/Tietosuojaseloste-Kulunvalvontarekisteri.pdf\" target=\"_blank\" rel=\"noopener\">\u00c5tkomstkontrollregister<\/a><\/p>\n<p><a href=\"https:\/\/freeport.fi\/wp-content\/uploads\/2021\/08\/Tietosuojaseloste-Kameravalvonta.pdf\" target=\"_blank\" rel=\"noopener\">Kamera\u00f6vervakningsregister<\/a><\/p>\n<p>[\/et_pb_text][et_pb_image src=&#8221;https:\/\/freeport.fi\/wp-content\/uploads\/2021\/08\/GDPR-GRANSKAT-D-Fence-2021.png&#8221; title_text=&#8221;GDPR GRANSKAT D-Fence 2021&#8243; _builder_version=&#8221;4.9.10&#8243; _module_preset=&#8221;default&#8221; max_width=&#8221;10%&#8221; max_width_tablet=&#8221;20%&#8221; max_width_phone=&#8221;30%&#8221; max_width_last_edited=&#8221;on|desktop&#8221;][\/et_pb_image][\/et_pb_column][\/et_pb_row][\/et_pb_section]<\/p>\n","protected":false},"excerpt":{"rendered":"<p>Dataskyddsf\u00f6rklaringen \u00e4r ett informationsdokument som kr\u00e4vs enligt dataskyddslagen.Finlands Frihamn Ab:s dataskyddsuttalanden Alla har r\u00e4tt att veta vilken information om honom som lagras i olika register.R\u00e4tten att inspektera uppgifter, ut\u00f6vandet av inspektionsr\u00e4tten och r\u00e4ttelsen av uppgifter regleras av EU: s allm\u00e4nna dataskyddsf\u00f6rordning (2016\/679). De viktigaste personregistren som inneh\u00e5ller kund- och partnerskapsinformation och dataskyddsbeskrivningar av Finlands Frihamn [&hellip;]<\/p>\n","protected":false},"author":1,"featured_media":0,"parent":0,"menu_order":0,"comment_status":"closed","ping_status":"closed","template":"","meta":{"_et_pb_use_builder":"on","_et_pb_old_content":"","_et_gb_content_width":"","spay_email":""},"jetpack_shortlink":"https:\/\/wp.me\/P8pxZ3-dD","_links":{"self":[{"href":"https:\/\/freeport.fi\/sv\/wp-json\/wp\/v2\/pages\/845"}],"collection":[{"href":"https:\/\/freeport.fi\/sv\/wp-json\/wp\/v2\/pages"}],"about":[{"href":"https:\/\/freeport.fi\/sv\/wp-json\/wp\/v2\/types\/page"}],"author":[{"embeddable":true,"href":"https:\/\/freeport.fi\/sv\/wp-json\/wp\/v2\/users\/1"}],"replies":[{"embeddable":true,"href":"https:\/\/freeport.fi\/sv\/wp-json\/wp\/v2\/comments?post=845"}],"version-history":[{"count":5,"href":"https:\/\/freeport.fi\/sv\/wp-json\/wp\/v2\/pages\/845\/revisions"}],"predecessor-version":[{"id":884,"href":"https:\/\/freeport.fi\/sv\/wp-json\/wp\/v2\/pages\/845\/revisions\/884"}],"wp:attachment":[{"href":"https:\/\/freeport.fi\/sv\/wp-json\/wp\/v2\/media?parent=845"}],"curies":[{"name":"wp","href":"https:\/\/api.w.org\/{rel}","templated":true}]}}