{"id":830,"date":"2021-08-03T11:01:53","date_gmt":"2021-08-03T11:01:53","guid":{"rendered":"https:\/\/freeport.fi\/?page_id=830"},"modified":"2021-09-28T06:29:40","modified_gmt":"2021-09-28T06:29:40","slug":"tietosuojaseloste","status":"publish","type":"page","link":"https:\/\/freeport.fi\/fi\/tietosuojaseloste\/","title":{"rendered":"Tietosuojaseloste"},"content":{"rendered":"<p>[et_pb_section fb_built=&#8221;1&#8243; fullwidth=&#8221;on&#8221; custom_padding_last_edited=&#8221;on|desktop&#8221; admin_label=&#8221;Section&#8221; _builder_version=&#8221;3.22.3&#8243; background_color=&#8221;rgba(55,66,94,0)&#8221; parallax=&#8221;on&#8221; parallax_method=&#8221;off&#8221; custom_padding_tablet=&#8221;50px|0|50px|0&#8243; custom_padding_phone=&#8221;&#8221; transparent_background=&#8221;off&#8221; padding_mobile=&#8221;off&#8221; make_fullwidth=&#8221;off&#8221; use_custom_width=&#8221;off&#8221; width_unit=&#8221;on&#8221;][et_pb_fullwidth_header title=&#8221;Tietosuojaseloste&#8221; text_orientation=&#8221;center&#8221; content_max_width=&#8221;none&#8221; admin_label=&#8221;Alueellamme toimii&#8221; _builder_version=&#8221;4.9.10&#8243; content_link_text_color=&#8221;#FFFFFF&#8221; content_link_text_color_tablet=&#8221;#FFFFFF&#8221; content_link_text_color_phone=&#8221;#FFFFFF&#8221; content_link_text_color_last_edited=&#8221;on|tablet&#8221; button_one_letter_spacing_hover=&#8221;0&#8243; button_two_letter_spacing_hover=&#8221;0&#8243; button_one_text_size__hover_enabled=&#8221;off&#8221; button_two_text_size__hover_enabled=&#8221;off&#8221; button_one_text_color__hover_enabled=&#8221;off&#8221; button_two_text_color__hover_enabled=&#8221;off&#8221; button_one_border_width__hover_enabled=&#8221;off&#8221; button_two_border_width__hover_enabled=&#8221;off&#8221; button_one_border_color__hover_enabled=&#8221;off&#8221; button_two_border_color__hover_enabled=&#8221;off&#8221; button_one_border_radius__hover_enabled=&#8221;off&#8221; button_two_border_radius__hover_enabled=&#8221;off&#8221; button_one_letter_spacing__hover_enabled=&#8221;on&#8221; button_one_letter_spacing__hover=&#8221;0&#8243; button_two_letter_spacing__hover_enabled=&#8221;on&#8221; button_two_letter_spacing__hover=&#8221;0&#8243; button_one_bg_color__hover_enabled=&#8221;off&#8221; button_two_bg_color__hover_enabled=&#8221;off&#8221;]<\/p>\n<p>Tietosuojaseloste on tietosuojalain edellytt\u00e4m\u00e4\u00a0<a href=\"https:\/\/tietosuoja.fi\/rekisteroidyn-informointi\" target=\"_blank\" rel=\"noopener\">informointiasiakirja<\/a>.<\/p>\n<p>[\/et_pb_fullwidth_header][\/et_pb_section][et_pb_section fb_built=&#8221;1&#8243; custom_padding_last_edited=&#8221;on|desktop&#8221; admin_label=&#8221;section&#8221; _builder_version=&#8221;3.22.3&#8243; parallax=&#8221;on&#8221; parallax_method=&#8221;off&#8221; custom_padding_tablet=&#8221;50px|0|50px|0&#8243; custom_padding_phone=&#8221;&#8221; transparent_background=&#8221;off&#8221; padding_mobile=&#8221;off&#8221; make_fullwidth=&#8221;off&#8221; use_custom_width=&#8221;off&#8221; width_unit=&#8221;on&#8221;][et_pb_row admin_label=&#8221;Row&#8221; _builder_version=&#8221;3.25&#8243; background_size=&#8221;initial&#8221; background_position=&#8221;top_left&#8221; background_repeat=&#8221;repeat&#8221;][et_pb_column type=&#8221;4_4&#8243; _builder_version=&#8221;3.25&#8243; custom_padding=&#8221;|||&#8221; custom_padding__hover=&#8221;|||&#8221;][et_pb_text _builder_version=&#8221;4.9.10&#8243; _module_preset=&#8221;default&#8221; hover_enabled=&#8221;0&#8243; sticky_enabled=&#8221;0&#8243;]<\/p>\n<h3>Suomen Vapaasatama Oy:n tietosuojaselosteet<\/h3>\n<p>Jokaisella on oikeus tiet\u00e4\u00e4, mit\u00e4 tietoja h\u00e4nest\u00e4 on tallennettu eri rekistereihin.<br \/>Tietojen tarkastusoikeudesta, tarkastusoikeuden toteuttamisesta ja tietojen korjaamisesta on s\u00e4\u00e4detty EU:n yleisell\u00e4 tietosuoja-asetuksella (2016\/679).<\/p>\n<p>Suomen Vapaasatama Oy:n t\u00e4rkeimm\u00e4t asiakas- ja kumppanuustietoja sis\u00e4lt\u00e4v\u00e4t henkil\u00f6rekisterit tietosuojaselosteineen ovat henkil\u00f6rekisteriperusteisesti eriteltyn\u00e4 alla. Muut henkil\u00f6rekistereit\u00e4 koskevat tietosuojaselosteet toimitamme pyydett\u00e4ess\u00e4 erikseen.<\/p>\n<p><a href=\"https:\/\/freeport.fi\/wp-content\/uploads\/2021\/08\/Tietosuojaseloste-Asiakasrekisteri.pdf\" target=\"_blank\" rel=\"noopener\">Asiakasrekisteri<\/a><\/p>\n<p><a href=\"https:\/\/freeport.fi\/wp-content\/uploads\/2021\/08\/Tietosuojaseloste-Prospektit-ja-potentiaaliset-asiakkaat.pdf\" target=\"_blank\" rel=\"noopener\">Prospektit ja potentiaaliset asiakkaat<\/a><\/p>\n<p><a href=\"https:\/\/freeport.fi\/wp-content\/uploads\/2021\/09\/Tietosuojaseloste-Kulunvalvontarekisteri.pdf\" target=\"_blank\" rel=\"noopener\">Kulunvalvontarekisteri<\/a><\/p>\n<p><a href=\"https:\/\/freeport.fi\/wp-content\/uploads\/2021\/08\/Tietosuojaseloste-Kameravalvonta.pdf\" target=\"_blank\" rel=\"noopener\">Kameravalvontarekisteri<\/a><\/p>\n<p>[\/et_pb_text][et_pb_image src=&#8221;https:\/\/freeport.fi\/wp-content\/uploads\/2021\/08\/GDPR-tarkastettu-D-Fence-2021.webp&#8221; title_text=&#8221;GDPR tarkastettu D-Fence 2021&#8243; _builder_version=&#8221;4.9.10&#8243; _module_preset=&#8221;default&#8221; max_width=&#8221;10%&#8221; max_width_tablet=&#8221;20%&#8221; max_width_phone=&#8221;30%&#8221; max_width_last_edited=&#8221;on|desktop&#8221;][\/et_pb_image][\/et_pb_column][\/et_pb_row][\/et_pb_section]<\/p>\n","protected":false},"excerpt":{"rendered":"<p>Tietosuojaseloste on tietosuojalain edellytt\u00e4m\u00e4\u00a0informointiasiakirja.Suomen Vapaasatama Oy:n tietosuojaselosteet Jokaisella on oikeus tiet\u00e4\u00e4, mit\u00e4 tietoja h\u00e4nest\u00e4 on tallennettu eri rekistereihin.Tietojen tarkastusoikeudesta, tarkastusoikeuden toteuttamisesta ja tietojen korjaamisesta on s\u00e4\u00e4detty EU:n yleisell\u00e4 tietosuoja-asetuksella (2016\/679). Suomen Vapaasatama Oy:n t\u00e4rkeimm\u00e4t asiakas- ja kumppanuustietoja sis\u00e4lt\u00e4v\u00e4t henkil\u00f6rekisterit tietosuojaselosteineen ovat henkil\u00f6rekisteriperusteisesti eriteltyn\u00e4 alla. Muut henkil\u00f6rekistereit\u00e4 koskevat tietosuojaselosteet toimitamme pyydett\u00e4ess\u00e4 erikseen. Asiakasrekisteri Prospektit ja potentiaaliset [&hellip;]<\/p>\n","protected":false},"author":1,"featured_media":0,"parent":0,"menu_order":0,"comment_status":"closed","ping_status":"closed","template":"","meta":{"_et_pb_use_builder":"on","_et_pb_old_content":"","_et_gb_content_width":"","spay_email":""},"jetpack_shortlink":"https:\/\/wp.me\/P8pxZ3-do","_links":{"self":[{"href":"https:\/\/freeport.fi\/fi\/wp-json\/wp\/v2\/pages\/830"}],"collection":[{"href":"https:\/\/freeport.fi\/fi\/wp-json\/wp\/v2\/pages"}],"about":[{"href":"https:\/\/freeport.fi\/fi\/wp-json\/wp\/v2\/types\/page"}],"author":[{"embeddable":true,"href":"https:\/\/freeport.fi\/fi\/wp-json\/wp\/v2\/users\/1"}],"replies":[{"embeddable":true,"href":"https:\/\/freeport.fi\/fi\/wp-json\/wp\/v2\/comments?post=830"}],"version-history":[{"count":7,"href":"https:\/\/freeport.fi\/fi\/wp-json\/wp\/v2\/pages\/830\/revisions"}],"predecessor-version":[{"id":876,"href":"https:\/\/freeport.fi\/fi\/wp-json\/wp\/v2\/pages\/830\/revisions\/876"}],"wp:attachment":[{"href":"https:\/\/freeport.fi\/fi\/wp-json\/wp\/v2\/media?parent=830"}],"curies":[{"name":"wp","href":"https:\/\/api.w.org\/{rel}","templated":true}]}}